{"id":211,"date":"2025-04-15T16:29:16","date_gmt":"2025-04-15T16:29:16","guid":{"rendered":"https:\/\/nilaisgelato.dk\/?page_id=211"},"modified":"2025-04-16T18:54:43","modified_gmt":"2025-04-16T18:54:43","slug":"find-os-kontakt-os","status":"publish","type":"page","link":"https:\/\/nilaisgelato.dk\/index.php\/find-os-kontakt-os\/","title":{"rendered":"Find os \/ Kontakt os"},"content":{"rendered":"<div class=\"bde-globalblock-211-122 bde-globalblock\"><section class=\"bde-section-293-100-293-1 bde-section bde-section-293-100\">\n              \n  \n  \n\t\n  <div class=\"breakdance-swiper-wrapper section-background-slideshow\">\n    <div class=\"swiper\">\n      <!-- Additional required wrapper -->\n      <div class=\"swiper-wrapper\">\n        <!-- Slides -->\n                  <div class=\"swiper-slide\">\n            <div class=\"swiper-slide-item\" style=\"background-image: url(https:\/\/nilaisgelato.dk\/wp-content\/uploads\/2025\/04\/4.jpg);\"><\/div>\n          <\/div>\n                  <div class=\"swiper-slide\">\n            <div class=\"swiper-slide-item\" style=\"background-image: url(https:\/\/nilaisgelato.dk\/wp-content\/uploads\/2025\/04\/11.jpg);\"><\/div>\n          <\/div>\n                  <div class=\"swiper-slide\">\n            <div class=\"swiper-slide-item\" style=\"background-image: url(https:\/\/nilaisgelato.dk\/wp-content\/uploads\/2025\/04\/5.jpg);\"><\/div>\n          <\/div>\n                  <div class=\"swiper-slide\">\n            <div class=\"swiper-slide-item\" style=\"background-image: url(https:\/\/nilaisgelato.dk\/wp-content\/uploads\/2025\/04\/112.jpg);\"><\/div>\n          <\/div>\n              <\/div>\n    <\/div>\n  <\/div>\n\n  <div class=\"section-background-overlay\"><\/div>\n\n\n<div class=\"section-container\"><img decoding=\"async\" class=\"bde-image2-293-101-293-1 bde-image2 bde-image2-293-101\" src=\"https:\/\/nilaisgelato.dk\/wp-content\/uploads\/2025\/03\/6.jpg\" loading=\"lazy\" srcset=\"https:\/\/nilaisgelato.dk\/wp-content\/uploads\/2025\/03\/6.jpg 958w, https:\/\/nilaisgelato.dk\/wp-content\/uploads\/2025\/03\/6-300x300.jpg 300w, https:\/\/nilaisgelato.dk\/wp-content\/uploads\/2025\/03\/6-150x150.jpg 150w, https:\/\/nilaisgelato.dk\/wp-content\/uploads\/2025\/03\/6-768x770.jpg 768w\" sizes=\"(max-width: 958px) 100vw, 958px\"><div class=\"bde-fancy-divider-293-102-293-1 bde-fancy-divider bde-fancy-divider-293-102\">\n\n\n<div class=\"bde-fancy-divider__wrapper\">\n  <div class=\"bde-fancy-divider__separator   \">\n  \t  <\/div>\n<\/div>\n\n<\/div><h1 class=\"bde-heading-293-103-293-1 bde-heading bde-heading-293-103\">\nFind os \/ Kontakt os\n<\/h1><div class=\"bde-fancy-divider-293-104-293-1 bde-fancy-divider bde-fancy-divider-293-104\">\n\n\n<div class=\"bde-fancy-divider__wrapper\">\n  <div class=\"bde-fancy-divider__separator   \">\n  \t  <\/div>\n<\/div>\n\n<\/div><\/div>\n<\/section><\/div><section class=\"bde-section-211-107 bde-section\">\n  \n  \n\t\n\n\n\n<div class=\"section-container\"><div class=\"bde-columns-211-108 bde-columns\"><div class=\"bde-column-211-109 bde-column\">\n  \n  \n\t\n\n\n\n<div class=\"bde-icon-211-110 bde-icon\">\n\n    \n            <div class=\"bde-icon-icon breakdance-icon-atom\" >\n    \n                    <svg xmlns=\"http:\/\/www.w3.org\/2000\/svg\" width=\"24\" height=\"24\" fill-rule=\"evenodd\" clip-rule=\"evenodd\"><path d=\"M16 7h8v17h-24v-24h16v7zm-9 12h-2v4h2v-4zm4 0h-2v4h2v-4zm7 0h-2v4h2v-4zm4-10h-6v8h4v5h2v-13zm-8-7h-12v20h1v-5h10v5h1v-20zm-8 13h-2v-2h2v2zm3 0h-2v-2h2v2zm3 0h-2v-2h2v2zm8-2v2h-2v-2h2zm-14-1h-2v-2h2v2zm3 0h-2v-2h2v2zm3 0h-2v-2h2v2zm6-2h2v2h-2v-2zm-12-1h-2v-2h2v2zm3 0h-2v-2h2v2zm3 0h-2v-2h2v2zm-6-3h-2v-2h2v2zm3 0h-2v-2h2v2zm3 0h-2v-2h2v2z\"\/><\/svg>\n        \n        \n        \n            <\/div>\n    \n\n\n<\/div><div class=\"bde-text-211-111 bde-text\">\nBl\u00e5g\u00e5rdsgade 15, 2200 K\u00f8benhavn N\n<\/div>\n<\/div><div class=\"bde-column-211-112 bde-column\">\n  \n  \n\t\n\n\n\n<div class=\"bde-icon-211-113 bde-icon\">\n\n    \n            <div class=\"bde-icon-icon breakdance-icon-atom\" >\n    \n                    <svg xmlns=\"http:\/\/www.w3.org\/2000\/svg\" width=\"24\" height=\"24\" viewBox=\"0 0 24 24\"><path d=\"M9.762 1.322l2.843-1.322 4.041 7.89-2.725 1.341c-.537 1.259 2.159 6.289 3.297 6.372.09-.058 2.672-1.328 2.672-1.328l4.11 7.933s-2.764 1.354-2.854 1.396c-7.861 3.59-19.101-18.259-11.384-22.282zm1.929 1.274l-1.023.504c-5.293 2.762 4.178 21.185 9.648 18.686l.972-.474-2.271-4.383-1.026.5c-3.163 1.547-8.262-8.219-5.055-9.938l1.007-.497-2.252-4.398zm-.759 18.382c-1.474 1.442-3.914 1.708-4.604.522-.47-.809-.311-1.728-.127-2.793.201-1.161.429-2.478-.295-3.71-1.219-2.077-3.897-1.983-5.906-.671l.956 1.463c.829-.542 1.784-.775 2.493-.609 1.653.388 1.151 2.526 1.03 3.229-.212 1.223-.45 2.61.337 3.968 1.331 2.294 5.054 2.047 7.29-.091-.397-.407-.789-.84-1.174-1.308z\"\/><\/svg>\n        \n        \n        \n            <\/div>\n    \n\n\n<\/div><div class=\"bde-text-211-114 bde-text\">\n+45 50178672<br>+45 27850968\n<\/div>\n<\/div><div class=\"bde-column-211-115 bde-column\">\n  \n  \n\t\n\n\n\n<div class=\"bde-icon-211-116 bde-icon\">\n\n    \n            <div class=\"bde-icon-icon breakdance-icon-atom\" >\n    \n                    <svg xmlns=\"http:\/\/www.w3.org\/2000\/svg\" width=\"24\" height=\"24\" viewBox=\"0 0 24 24\"><path d=\"M0 3v18h24v-18h-24zm6.623 7.929l-4.623 5.712v-9.458l4.623 3.746zm-4.141-5.929h19.035l-9.517 7.713-9.518-7.713zm5.694 7.188l3.824 3.099 3.83-3.104 5.612 6.817h-18.779l5.513-6.812zm9.208-1.264l4.616-3.741v9.348l-4.616-5.607z\"\/><\/svg>\n        \n        \n        \n            <\/div>\n    \n\n\n<\/div><a class=\"bde-text-link-211-117 bde-text-link breakdance-link\" href=\"mailto:nilaisaps@gmail.com?subject=&amp;body=\" target=\"_self\" data-type=\"contact\">\n  nilaisaps@gmail.com\n\n<\/a>\n<\/div><\/div><\/div>\n<\/section><section class=\"bde-section-211-119 bde-section\">\n  \n  \n\t\n\n\n\n<div class=\"section-container\"><div class=\"bde-google-map-211-121 bde-google-map\">\r\n<iframe width=\"100%\" height=\"100%\" style=\"border:0\" loading=\"lazy\" title=\"Map\" src=\"https:\/\/maps.google.com\/maps?q=Bl%C3%A5g%C3%A5rdsgade+15%2C+2200+K%C3%B8benhavn+N&t=m&z=16&output=embed&iwloc=near\" allowfullscreen><\/iframe>\n<\/div><\/div>\n<\/section>","protected":false},"excerpt":{"rendered":"<p>Find os \/ Kontakt os Bl\u00e5g\u00e5rdsgade 15, 2200 K\u00f8benhavn N +45 50178672+45 27850968 nilaisaps@gmail.com<\/p>\n","protected":false},"author":1,"featured_media":0,"parent":0,"menu_order":0,"comment_status":"closed","ping_status":"closed","template":"","meta":{"_acf_changed":false,"_breakdance_hide_in_design_set":false,"_breakdance_tags":"","footnotes":""},"class_list":["post-211","page","type-page","status-publish","hentry"],"acf":[],"_links":{"self":[{"href":"https:\/\/nilaisgelato.dk\/index.php\/wp-json\/wp\/v2\/pages\/211","targetHints":{"allow":["GET"]}}],"collection":[{"href":"https:\/\/nilaisgelato.dk\/index.php\/wp-json\/wp\/v2\/pages"}],"about":[{"href":"https:\/\/nilaisgelato.dk\/index.php\/wp-json\/wp\/v2\/types\/page"}],"author":[{"embeddable":true,"href":"https:\/\/nilaisgelato.dk\/index.php\/wp-json\/wp\/v2\/users\/1"}],"replies":[{"embeddable":true,"href":"https:\/\/nilaisgelato.dk\/index.php\/wp-json\/wp\/v2\/comments?post=211"}],"version-history":[{"count":11,"href":"https:\/\/nilaisgelato.dk\/index.php\/wp-json\/wp\/v2\/pages\/211\/revisions"}],"predecessor-version":[{"id":298,"href":"https:\/\/nilaisgelato.dk\/index.php\/wp-json\/wp\/v2\/pages\/211\/revisions\/298"}],"wp:attachment":[{"href":"https:\/\/nilaisgelato.dk\/index.php\/wp-json\/wp\/v2\/media?parent=211"}],"curies":[{"name":"wp","href":"https:\/\/api.w.org\/{rel}","templated":true}]}}