{"id":23,"date":"2025-03-30T16:29:33","date_gmt":"2025-03-30T16:29:33","guid":{"rendered":"https:\/\/nilaisgelato.dk\/?page_id=23"},"modified":"2025-04-17T15:55:34","modified_gmt":"2025-04-17T15:55:34","slug":"home","status":"publish","type":"page","link":"https:\/\/nilaisgelato.dk\/","title":{"rendered":"Home"},"content":{"rendered":"<section class=\"bde-section-23-100 bde-section\">\n              \n  \n  \n\t\n  <div class=\"breakdance-swiper-wrapper section-background-slideshow\">\n    <div class=\"swiper\">\n      <!-- Additional required wrapper -->\n      <div class=\"swiper-wrapper\">\n        <!-- Slides -->\n                  <div class=\"swiper-slide\">\n            <div class=\"swiper-slide-item\" style=\"background-image: url(https:\/\/nilaisgelato.dk\/wp-content\/uploads\/2025\/04\/2.jpg);\"><\/div>\n          <\/div>\n                  <div class=\"swiper-slide\">\n            <div class=\"swiper-slide-item\" style=\"background-image: url(https:\/\/nilaisgelato.dk\/wp-content\/uploads\/2025\/04\/112.jpg);\"><\/div>\n          <\/div>\n                  <div class=\"swiper-slide\">\n            <div class=\"swiper-slide-item\" style=\"background-image: url(https:\/\/nilaisgelato.dk\/wp-content\/uploads\/2025\/04\/4.jpg);\"><\/div>\n          <\/div>\n                  <div class=\"swiper-slide\">\n            <div class=\"swiper-slide-item\" style=\"background-image: url(https:\/\/nilaisgelato.dk\/wp-content\/uploads\/2025\/04\/5.jpg);\"><\/div>\n          <\/div>\n                  <div class=\"swiper-slide\">\n            <div class=\"swiper-slide-item\" style=\"background-image: url(https:\/\/nilaisgelato.dk\/wp-content\/uploads\/2025\/04\/11.jpg);\"><\/div>\n          <\/div>\n                  <div class=\"swiper-slide\">\n            <div class=\"swiper-slide-item\" style=\"background-image: url(https:\/\/nilaisgelato.dk\/wp-content\/uploads\/2025\/04\/77.jpg);\"><\/div>\n          <\/div>\n              <\/div>\n    <\/div>\n  <\/div>\n\n  <div class=\"section-background-overlay\"><\/div>\n\n\n        <div class=\"section-shape-divider-wrapper section-shape-divider-wrapper--1\">\n          <span class=\"section-shape-divider\">\n                      <svg\n                xmlns=\"http:\/\/www.w3.org\/2000\/svg\"\n                viewBox=\"0 0 1440 320\"\n                preserveAspectRatio=\"none\"\n            >\n              <path fill=\"currentColor\" fill-opacity=\"1\" d=\"M0,128L80,154.7C160,181,320,235,480,261.3C640,288,800,288,960,240C1120,192,1280,96,1360,48L1440,0L1440,320L1360,320C1280,320,1120,320,960,320C800,320,640,320,480,320C320,320,160,320,80,320L0,320Z\"><\/path>\n            <\/svg>\n                    <\/span>\n      <\/div>\n        <div class=\"section-shape-divider-wrapper section-shape-divider-wrapper--2\">\n          <span class=\"section-shape-divider\">\n                      <svg\n                xmlns=\"http:\/\/www.w3.org\/2000\/svg\"\n                viewBox=\"0 0 1440 320\"\n                preserveAspectRatio=\"none\"\n            >\n              <path fill=\"currentColor\" fill-opacity=\"1\" d=\"M0,128L80,154.7C160,181,320,235,480,261.3C640,288,800,288,960,240C1120,192,1280,96,1360,48L1440,0L1440,320L1360,320C1280,320,1120,320,960,320C800,320,640,320,480,320C320,320,160,320,80,320L0,320Z\"><\/path>\n            <\/svg>\n                    <\/span>\n      <\/div>\n  <div class=\"section-container\"><img decoding=\"async\" class=\"bde-image2-23-104 bde-image2\" src=\"https:\/\/nilaisgelato.dk\/wp-content\/uploads\/2025\/03\/6.jpg\" loading=\"lazy\" srcset=\"https:\/\/nilaisgelato.dk\/wp-content\/uploads\/2025\/03\/6.jpg 958w, https:\/\/nilaisgelato.dk\/wp-content\/uploads\/2025\/03\/6-300x300.jpg 300w, https:\/\/nilaisgelato.dk\/wp-content\/uploads\/2025\/03\/6-150x150.jpg 150w, https:\/\/nilaisgelato.dk\/wp-content\/uploads\/2025\/03\/6-768x770.jpg 768w\" sizes=\"(max-width: 958px) 100vw, 958px\"><div class=\"bde-fancy-divider-23-103 bde-fancy-divider\">\n\n\n<div class=\"bde-fancy-divider__wrapper\">\n  <div class=\"bde-fancy-divider__separator   \">\n  \t  <\/div>\n<\/div>\n\n<\/div><h1 class=\"bde-heading-23-101 bde-heading\">\nNILAIS GELATO ITALIANO\n<\/h1><div class=\"bde-fancy-divider-23-102 bde-fancy-divider\">\n\n\n<div class=\"bde-fancy-divider__wrapper\">\n  <div class=\"bde-fancy-divider__separator   \">\n  \t  <\/div>\n<\/div>\n\n<\/div><\/div>\n<\/section><section class=\"bde-section-23-131 bde-section\">\n  \n  \n\t\n\n\n\n<div class=\"section-container\"><h1 class=\"bde-dual-heading-23-148 bde-dual-heading\">\n\n\n            <span data-style=\"primary\" class=\"dual-heading--primary  \">Hjemmelavet<\/span>\n\n            <span data-style=\"secondary\" class=\"dual-heading--secondary  js-annotate\">original<\/span>\n\n            <span data-style=\"primary\" class=\"dual-heading--primary  \">is<\/span>\n\n\n\n<\/h1><h4 class=\"bde-heading-23-135 bde-heading\">\nNilais gelato italiano\n<\/h4><div class=\"bde-fancy-divider-23-147 bde-fancy-divider\">\n\n\n<div class=\"bde-fancy-divider__wrapper\">\n  <div class=\"bde-fancy-divider__separator   \">\n  \t  <\/div>\n<\/div>\n\n<\/div><div class=\"bde-columns-23-132 bde-columns\"><div class=\"bde-column-23-133 bde-column\">\n  \n  \n\t\n\n\n\n<div class=\"bde-rich-text-23-141 bde-rich-text breakdance-rich-text-styles\">\n<p><strong>Historie<\/strong> \u2013Rejsen begyndte i 2006, hvor virksomheden tog sine f\u00f8rste skridt med et specialiseret is-kursus i Rom, Italien. Her blev fundamentet lagt med fokus p\u00e5 \u00e6gte, italiensk istradition. Efterf\u00f8lgende blev erfaringen videreudviklet gennem arbejde i Kroatien frem til 2008.<\/p><p class=\"\" data-start=\"369\" data-end=\"605\">Siden 2008 har virksomheden v\u00e6ret baseret i Danmark, hvor der blev arbejdet intensivt med italiensk is som specialh\u00e5ndv\u00e6rk. I 2023 blev den f\u00f8rste isbutik \u00e5bnet, med ambitionen om at bringe \u00e6gte italiensk gelato til det danske marked.<\/p><p class=\"\" data-start=\"607\" data-end=\"755\">Efter et \u00e5r skiftede vi lokation for at kunne tilbyde en endnu bedre oplevelse \u2013 i dag finder du os p\u00e5 <strong data-start=\"710\" data-end=\"729\">Bl\u00e5g\u00e5rdsgade 15<\/strong> i hjertet af K\u00f8benhavn.<\/p><p class=\"\" data-start=\"757\" data-end=\"901\">Vores is er lavet efter en 100 % italiensk opskrift \u2013 og hver eneste dag produceres der ny og frisk is med fokus p\u00e5 kvalitet, smag og tradition.<\/p>\n<\/div>\n<\/div><div class=\"bde-column-23-136 bde-column\">\n  \n  \n\t\n\n\n\n<div class=\"bde-image-23-137 bde-image\">\n<figure class=\"breakdance-image breakdance-image--29\">\n\t<div class=\"breakdance-image-container\">\n\t\t<div class=\"breakdance-image-clip\"><img loading=\"lazy\" decoding=\"async\" class=\"breakdance-image-object\" src=\"https:\/\/nilaisgelato.dk\/wp-content\/uploads\/2025\/03\/3.jpg\" width=\"1500\" height=\"1000\" srcset=\"https:\/\/nilaisgelato.dk\/wp-content\/uploads\/2025\/03\/3.jpg 1500w, https:\/\/nilaisgelato.dk\/wp-content\/uploads\/2025\/03\/3-300x200.jpg 300w, https:\/\/nilaisgelato.dk\/wp-content\/uploads\/2025\/03\/3-1024x683.jpg 1024w, https:\/\/nilaisgelato.dk\/wp-content\/uploads\/2025\/03\/3-768x512.jpg 768w\" sizes=\"auto, (max-width: 1500px) 100vw, 1500px\"><\/div>\n\t<\/div><\/figure>\n\n<\/div><div class=\"bde-div-23-138 bde-div\">\n  \n  \n\t\n\n\n\n\n<\/div>\n<\/div><\/div><div class=\"bde-fancy-divider-23-149 bde-fancy-divider\">\n\n\n<div class=\"bde-fancy-divider__wrapper\">\n  <div class=\"bde-fancy-divider__separator   \">\n  \t  <\/div>\n<\/div>\n\n<\/div><\/div>\n<\/section>","protected":false},"excerpt":{"rendered":"<p>NILAIS GELATO ITALIANO Hjemmelavet original is Nilais gelato italiano Historie \u2013Rejsen begyndte i 2006, hvor virksomheden tog sine f\u00f8rste skridt med et specialiseret is-kursus i Rom, Italien. Her blev fundamentet lagt med fokus p\u00e5 \u00e6gte, italiensk istradition. Efterf\u00f8lgende blev erfaringen videreudviklet gennem arbejde i Kroatien frem til 2008.Siden 2008 har virksomheden v\u00e6ret baseret i Danmark, [&hellip;]<\/p>\n","protected":false},"author":1,"featured_media":0,"parent":0,"menu_order":0,"comment_status":"closed","ping_status":"closed","template":"","meta":{"_acf_changed":false,"_breakdance_hide_in_design_set":false,"_breakdance_tags":"","footnotes":""},"class_list":["post-23","page","type-page","status-publish","hentry"],"acf":[],"_links":{"self":[{"href":"https:\/\/nilaisgelato.dk\/index.php\/wp-json\/wp\/v2\/pages\/23","targetHints":{"allow":["GET"]}}],"collection":[{"href":"https:\/\/nilaisgelato.dk\/index.php\/wp-json\/wp\/v2\/pages"}],"about":[{"href":"https:\/\/nilaisgelato.dk\/index.php\/wp-json\/wp\/v2\/types\/page"}],"author":[{"embeddable":true,"href":"https:\/\/nilaisgelato.dk\/index.php\/wp-json\/wp\/v2\/users\/1"}],"replies":[{"embeddable":true,"href":"https:\/\/nilaisgelato.dk\/index.php\/wp-json\/wp\/v2\/comments?post=23"}],"version-history":[{"count":47,"href":"https:\/\/nilaisgelato.dk\/index.php\/wp-json\/wp\/v2\/pages\/23\/revisions"}],"predecessor-version":[{"id":375,"href":"https:\/\/nilaisgelato.dk\/index.php\/wp-json\/wp\/v2\/pages\/23\/revisions\/375"}],"wp:attachment":[{"href":"https:\/\/nilaisgelato.dk\/index.php\/wp-json\/wp\/v2\/media?parent=23"}],"curies":[{"name":"wp","href":"https:\/\/api.w.org\/{rel}","templated":true}]}}