{"id":330,"date":"2025-04-16T19:59:30","date_gmt":"2025-04-16T19:59:30","guid":{"rendered":"https:\/\/nilaisgelato.dk\/?page_id=330"},"modified":"2025-04-16T20:23:58","modified_gmt":"2025-04-16T20:23:58","slug":"isdessert","status":"publish","type":"page","link":"https:\/\/nilaisgelato.dk\/index.php\/isdessert\/","title":{"rendered":"Isdessert"},"content":{"rendered":"<div class=\"bde-globalblock-330-100 bde-globalblock\"><section class=\"bde-section-293-100-293-1 bde-section bde-section-293-100\">\n              \n  \n  \n\t\n  <div class=\"breakdance-swiper-wrapper section-background-slideshow\">\n    <div class=\"swiper\">\n      <!-- Additional required wrapper -->\n      <div class=\"swiper-wrapper\">\n        <!-- Slides -->\n                  <div class=\"swiper-slide\">\n            <div class=\"swiper-slide-item\" style=\"background-image: url(https:\/\/nilaisgelato.dk\/wp-content\/uploads\/2025\/04\/4.jpg);\"><\/div>\n          <\/div>\n                  <div class=\"swiper-slide\">\n            <div class=\"swiper-slide-item\" style=\"background-image: url(https:\/\/nilaisgelato.dk\/wp-content\/uploads\/2025\/04\/11.jpg);\"><\/div>\n          <\/div>\n                  <div class=\"swiper-slide\">\n            <div class=\"swiper-slide-item\" style=\"background-image: url(https:\/\/nilaisgelato.dk\/wp-content\/uploads\/2025\/04\/5.jpg);\"><\/div>\n          <\/div>\n                  <div class=\"swiper-slide\">\n            <div class=\"swiper-slide-item\" style=\"background-image: url(https:\/\/nilaisgelato.dk\/wp-content\/uploads\/2025\/04\/112.jpg);\"><\/div>\n          <\/div>\n              <\/div>\n    <\/div>\n  <\/div>\n\n  <div class=\"section-background-overlay\"><\/div>\n\n\n<div class=\"section-container\"><img decoding=\"async\" class=\"bde-image2-293-101-293-1 bde-image2 bde-image2-293-101\" src=\"https:\/\/nilaisgelato.dk\/wp-content\/uploads\/2025\/03\/6.jpg\" loading=\"lazy\" srcset=\"https:\/\/nilaisgelato.dk\/wp-content\/uploads\/2025\/03\/6.jpg 958w, https:\/\/nilaisgelato.dk\/wp-content\/uploads\/2025\/03\/6-300x300.jpg 300w, https:\/\/nilaisgelato.dk\/wp-content\/uploads\/2025\/03\/6-150x150.jpg 150w, https:\/\/nilaisgelato.dk\/wp-content\/uploads\/2025\/03\/6-768x770.jpg 768w\" sizes=\"(max-width: 958px) 100vw, 958px\"><div class=\"bde-fancy-divider-293-102-293-1 bde-fancy-divider bde-fancy-divider-293-102\">\n\n\n<div class=\"bde-fancy-divider__wrapper\">\n  <div class=\"bde-fancy-divider__separator   \">\n  \t  <\/div>\n<\/div>\n\n<\/div><h1 class=\"bde-heading-293-103-293-1 bde-heading bde-heading-293-103\">\nIsdessert\n<\/h1><div class=\"bde-fancy-divider-293-104-293-1 bde-fancy-divider bde-fancy-divider-293-104\">\n\n\n<div class=\"bde-fancy-divider__wrapper\">\n  <div class=\"bde-fancy-divider__separator   \">\n  \t  <\/div>\n<\/div>\n\n<\/div><\/div>\n<\/section><\/div><section class=\"bde-section-330-106 bde-section\">\n  \n  \n\t\n\n\n\n<div class=\"section-container\"><div class=\"bde-post-loop-330-107 bde-post-loop\"><div class=\"bde-loop bde-loop-grid ee-posts ee-posts-grid\">    <article class=\"bde-loop-item ee-post\">\n        <div class=\"bde-columns-326-100-322-326-1 bde-columns bde-columns-326-100\"><div class=\"bde-column-326-101-322-326-1 bde-column bde-column-326-101\">\n  \n  \n\t\n\n\n\n<div class=\"bde-text-326-102-322-326-1 bde-text bde-text-326-102\">\nSpaghetti &#8211; is\n<\/div>\n<\/div><div class=\"bde-column-326-103-322-326-1 bde-column bde-column-326-103\">\n  \n  \n\t\n\n\n\n<div class=\"bde-text-326-104-322-326-1 bde-text bde-text-326-104\">\n\n<\/div><div class=\"bde-text-326-108-322-326-1 bde-text bde-text-326-108\">\nKr.: 75 ,-\n<\/div>\n<\/div><\/div><div class=\"bde-columns-326-109-322-326-1 bde-columns bde-columns-326-109\"><div class=\"bde-column-326-110-322-326-1 bde-column bde-column-326-110\">\n  \n  \n\t\n\n\n\n<div class=\"bde-rich-text-326-107-322-326-1 bde-rich-text bde-rich-text-326-107 breakdance-rich-text-styles\">\nServeret: med 3 kugler vaniljeis, fl\u00f8deskum, jorbe\u00e6rsyltet\u00f8j og hvid chokolade\n<\/div>\n<\/div><\/div>    <\/article>\n    <article class=\"bde-loop-item ee-post\">\n        <div class=\"bde-columns-326-100-324-326-1 bde-columns bde-columns-326-100\"><div class=\"bde-column-326-101-324-326-1 bde-column bde-column-326-101\">\n  \n  \n\t\n\n\n\n<div class=\"bde-text-326-102-324-326-1 bde-text bde-text-326-102\">\nBanana Split\n<\/div>\n<\/div><div class=\"bde-column-326-103-324-326-1 bde-column bde-column-326-103\">\n  \n  \n\t\n\n\n\n<div class=\"bde-text-326-104-324-326-1 bde-text bde-text-326-104\">\n\n<\/div><div class=\"bde-text-326-108-324-326-1 bde-text bde-text-326-108\">\nKr.: 75 ,-\n<\/div>\n<\/div><\/div><div class=\"bde-columns-326-109-324-326-1 bde-columns bde-columns-326-109\"><div class=\"bde-column-326-110-324-326-1 bde-column bde-column-326-110\">\n  \n  \n\t\n\n\n\n<div class=\"bde-rich-text-326-107-324-326-1 bde-rich-text bde-rich-text-326-107 breakdance-rich-text-styles\">\nServeret: med 3 kugler is, fl\u00f8deskum, banan og toping\n<\/div>\n<\/div><\/div>    <\/article>\n    <article class=\"bde-loop-item ee-post\">\n        <div class=\"bde-columns-326-100-325-326-1 bde-columns bde-columns-326-100\"><div class=\"bde-column-326-101-325-326-1 bde-column bde-column-326-101\">\n  \n  \n\t\n\n\n\n<div class=\"bde-text-326-102-325-326-1 bde-text bde-text-326-102\">\nStrawberry cup\n<\/div>\n<\/div><div class=\"bde-column-326-103-325-326-1 bde-column bde-column-326-103\">\n  \n  \n\t\n\n\n\n<div class=\"bde-text-326-104-325-326-1 bde-text bde-text-326-104\">\n\n<\/div><div class=\"bde-text-326-108-325-326-1 bde-text bde-text-326-108\">\nKr.: 75 ,-\n<\/div>\n<\/div><\/div><div class=\"bde-columns-326-109-325-326-1 bde-columns bde-columns-326-109\"><div class=\"bde-column-326-110-325-326-1 bde-column bde-column-326-110\">\n  \n  \n\t\n\n\n\n<div class=\"bde-rich-text-326-107-325-326-1 bde-rich-text bde-rich-text-326-107 breakdance-rich-text-styles\">\nServeret: med 3 kugler is, fl\u00f8deskum, toping og jordb\u00e6r\n<\/div>\n<\/div><\/div>    <\/article>\n<\/div>\r\n<\/div><\/div>\n<\/section><section class=\"bde-section-330-108 bde-section\">\n  \n  \n\t\n\n\n\n<div class=\"section-container\"><div class=\"bde-grid-330-109 bde-grid\">\n  \n  \n\t\n\n\n\n<div class=\"bde-image-box-330-117 bde-image-box\">\n<div class=\"ee-imagebox-image\">\n  <img loading=\"lazy\" decoding=\"async\" class=\"breakdance-image-object\" src=\"https:\/\/nilaisgelato.dk\/wp-content\/uploads\/2025\/04\/spaghetiis.jpg\" width=\"500\" height=\"500\" srcset=\"https:\/\/nilaisgelato.dk\/wp-content\/uploads\/2025\/04\/spaghetiis.jpg 500w, https:\/\/nilaisgelato.dk\/wp-content\/uploads\/2025\/04\/spaghetiis-300x300.jpg 300w, https:\/\/nilaisgelato.dk\/wp-content\/uploads\/2025\/04\/spaghetiis-150x150.jpg 150w\" sizes=\"auto, (max-width: 500px) 100vw, 500px\">\n<\/div>\n<div class=\"ee-imagebox-content\">\n      <p class=\"ee-imagebox-title bde-h3\" >SPAGHETTI IS<\/p>\n    \n    \n  <\/div>\n\n<\/div><div class=\"bde-image-box-330-118 bde-image-box\">\n<div class=\"ee-imagebox-image\">\n  <img loading=\"lazy\" decoding=\"async\" class=\"breakdance-image-object\" src=\"https:\/\/nilaisgelato.dk\/wp-content\/uploads\/2025\/04\/bananasplit.jpg\" width=\"500\" height=\"500\" srcset=\"https:\/\/nilaisgelato.dk\/wp-content\/uploads\/2025\/04\/bananasplit.jpg 500w, https:\/\/nilaisgelato.dk\/wp-content\/uploads\/2025\/04\/bananasplit-300x300.jpg 300w, https:\/\/nilaisgelato.dk\/wp-content\/uploads\/2025\/04\/bananasplit-150x150.jpg 150w\" sizes=\"auto, (max-width: 500px) 100vw, 500px\">\n<\/div>\n<div class=\"ee-imagebox-content\">\n      <p class=\"ee-imagebox-title bde-h3\" >BANANA SPLIT<\/p>\n    \n    \n  <\/div>\n\n<\/div><div class=\"bde-image-box-330-119 bde-image-box\">\n<div class=\"ee-imagebox-image\">\n  <img loading=\"lazy\" decoding=\"async\" class=\"breakdance-image-object\" src=\"https:\/\/nilaisgelato.dk\/wp-content\/uploads\/2025\/04\/strawberry.jpg\" width=\"500\" height=\"500\" srcset=\"https:\/\/nilaisgelato.dk\/wp-content\/uploads\/2025\/04\/strawberry.jpg 500w, https:\/\/nilaisgelato.dk\/wp-content\/uploads\/2025\/04\/strawberry-300x300.jpg 300w, https:\/\/nilaisgelato.dk\/wp-content\/uploads\/2025\/04\/strawberry-150x150.jpg 150w\" sizes=\"auto, (max-width: 500px) 100vw, 500px\">\n<\/div>\n<div class=\"ee-imagebox-content\">\n      <p class=\"ee-imagebox-title bde-h3\" >STRAWBERRY CUP<\/p>\n    \n    \n  <\/div>\n\n<\/div>\n<\/div><\/div>\n<\/section>","protected":false},"excerpt":{"rendered":"<p>Isdessert Spaghetti &#8211; is Kr.: 75 ,- Serveret: med 3 kugler vaniljeis, fl\u00f8deskum, jorbe\u00e6rsyltet\u00f8j og hvid chokolade Banana Split Kr.: 75 ,- Serveret: med 3 kugler is, fl\u00f8deskum, banan og toping Strawberry cup Kr.: 75 ,- Serveret: med 3 kugler is, fl\u00f8deskum, toping og jordb\u00e6r SPAGHETTI IS BANANA SPLIT STRAWBERRY CUP<\/p>\n","protected":false},"author":1,"featured_media":0,"parent":0,"menu_order":0,"comment_status":"closed","ping_status":"closed","template":"","meta":{"_acf_changed":false,"_breakdance_hide_in_design_set":false,"_breakdance_tags":"","footnotes":""},"class_list":["post-330","page","type-page","status-publish","hentry"],"acf":[],"_links":{"self":[{"href":"https:\/\/nilaisgelato.dk\/index.php\/wp-json\/wp\/v2\/pages\/330","targetHints":{"allow":["GET"]}}],"collection":[{"href":"https:\/\/nilaisgelato.dk\/index.php\/wp-json\/wp\/v2\/pages"}],"about":[{"href":"https:\/\/nilaisgelato.dk\/index.php\/wp-json\/wp\/v2\/types\/page"}],"author":[{"embeddable":true,"href":"https:\/\/nilaisgelato.dk\/index.php\/wp-json\/wp\/v2\/users\/1"}],"replies":[{"embeddable":true,"href":"https:\/\/nilaisgelato.dk\/index.php\/wp-json\/wp\/v2\/comments?post=330"}],"version-history":[{"count":7,"href":"https:\/\/nilaisgelato.dk\/index.php\/wp-json\/wp\/v2\/pages\/330\/revisions"}],"predecessor-version":[{"id":348,"href":"https:\/\/nilaisgelato.dk\/index.php\/wp-json\/wp\/v2\/pages\/330\/revisions\/348"}],"wp:attachment":[{"href":"https:\/\/nilaisgelato.dk\/index.php\/wp-json\/wp\/v2\/media?parent=330"}],"curies":[{"name":"wp","href":"https:\/\/api.w.org\/{rel}","templated":true}]}}