{"id":90,"date":"2025-04-14T18:56:29","date_gmt":"2025-04-14T18:56:29","guid":{"rendered":"https:\/\/nilaisgelato.dk\/?page_id=90"},"modified":"2025-04-16T19:12:52","modified_gmt":"2025-04-16T19:12:52","slug":"hjemmelavet-is","status":"publish","type":"page","link":"https:\/\/nilaisgelato.dk\/index.php\/hjemmelavet-is\/","title":{"rendered":"Hjemmelavet is"},"content":{"rendered":"<div class=\"bde-globalblock-90-109 bde-globalblock\"><section class=\"bde-section-293-100-293-1 bde-section bde-section-293-100\">\n              \n  \n  \n\t\n  <div class=\"breakdance-swiper-wrapper section-background-slideshow\">\n    <div class=\"swiper\">\n      <!-- Additional required wrapper -->\n      <div class=\"swiper-wrapper\">\n        <!-- Slides -->\n                  <div class=\"swiper-slide\">\n            <div class=\"swiper-slide-item\" style=\"background-image: url(https:\/\/nilaisgelato.dk\/wp-content\/uploads\/2025\/04\/4.jpg);\"><\/div>\n          <\/div>\n                  <div class=\"swiper-slide\">\n            <div class=\"swiper-slide-item\" style=\"background-image: url(https:\/\/nilaisgelato.dk\/wp-content\/uploads\/2025\/04\/11.jpg);\"><\/div>\n          <\/div>\n                  <div class=\"swiper-slide\">\n            <div class=\"swiper-slide-item\" style=\"background-image: url(https:\/\/nilaisgelato.dk\/wp-content\/uploads\/2025\/04\/5.jpg);\"><\/div>\n          <\/div>\n                  <div class=\"swiper-slide\">\n            <div class=\"swiper-slide-item\" style=\"background-image: url(https:\/\/nilaisgelato.dk\/wp-content\/uploads\/2025\/04\/112.jpg);\"><\/div>\n          <\/div>\n              <\/div>\n    <\/div>\n  <\/div>\n\n  <div class=\"section-background-overlay\"><\/div>\n\n\n<div class=\"section-container\"><img decoding=\"async\" class=\"bde-image2-293-101-293-1 bde-image2 bde-image2-293-101\" src=\"https:\/\/nilaisgelato.dk\/wp-content\/uploads\/2025\/03\/6.jpg\" loading=\"lazy\" srcset=\"https:\/\/nilaisgelato.dk\/wp-content\/uploads\/2025\/03\/6.jpg 958w, https:\/\/nilaisgelato.dk\/wp-content\/uploads\/2025\/03\/6-300x300.jpg 300w, https:\/\/nilaisgelato.dk\/wp-content\/uploads\/2025\/03\/6-150x150.jpg 150w, https:\/\/nilaisgelato.dk\/wp-content\/uploads\/2025\/03\/6-768x770.jpg 768w\" sizes=\"(max-width: 958px) 100vw, 958px\"><div class=\"bde-fancy-divider-293-102-293-1 bde-fancy-divider bde-fancy-divider-293-102\">\n\n\n<div class=\"bde-fancy-divider__wrapper\">\n  <div class=\"bde-fancy-divider__separator   \">\n  \t  <\/div>\n<\/div>\n\n<\/div><h1 class=\"bde-heading-293-103-293-1 bde-heading bde-heading-293-103\">\nHjemmelavet is\n<\/h1><div class=\"bde-fancy-divider-293-104-293-1 bde-fancy-divider bde-fancy-divider-293-104\">\n\n\n<div class=\"bde-fancy-divider__wrapper\">\n  <div class=\"bde-fancy-divider__separator   \">\n  \t  <\/div>\n<\/div>\n\n<\/div><\/div>\n<\/section><\/div><section class=\"bde-section-90-105 bde-section\">\n  \n  \n\t\n\n\n\n<div class=\"section-container\"><div class=\"bde-post-loop-90-108 bde-post-loop\"><div class=\"bde-loop bde-loop-grid ee-posts ee-posts-grid\">    <article class=\"bde-loop-item ee-post\">\n        <div class=\"bde-columns-81-100-118-81-1 bde-columns bde-columns-81-100\"><div class=\"bde-column-81-101-118-81-1 bde-column bde-column-81-101\">\n  \n  \n\t\n\n\n\n<div class=\"bde-text-81-105-118-81-1 bde-text bde-text-81-105\">\n1 Kugle\n<\/div>\n<\/div><div class=\"bde-column-81-107-118-81-1 bde-column bde-column-81-107\">\n  \n  \n\t\n\n\n\n<div class=\"bde-text-81-108-118-81-1 bde-text bde-text-81-108\">\nKr.: 30 ,-\n<\/div>\n<\/div><\/div>    <\/article>\n    <article class=\"bde-loop-item ee-post\">\n        <div class=\"bde-columns-81-100-119-81-1 bde-columns bde-columns-81-100\"><div class=\"bde-column-81-101-119-81-1 bde-column bde-column-81-101\">\n  \n  \n\t\n\n\n\n<div class=\"bde-text-81-105-119-81-1 bde-text bde-text-81-105\">\n2 Kugler\n<\/div>\n<\/div><div class=\"bde-column-81-107-119-81-1 bde-column bde-column-81-107\">\n  \n  \n\t\n\n\n\n<div class=\"bde-text-81-108-119-81-1 bde-text bde-text-81-108\">\nKr.: 45 ,-\n<\/div>\n<\/div><\/div>    <\/article>\n    <article class=\"bde-loop-item ee-post\">\n        <div class=\"bde-columns-81-100-120-81-1 bde-columns bde-columns-81-100\"><div class=\"bde-column-81-101-120-81-1 bde-column bde-column-81-101\">\n  \n  \n\t\n\n\n\n<div class=\"bde-text-81-105-120-81-1 bde-text bde-text-81-105\">\n3 Kugler\n<\/div>\n<\/div><div class=\"bde-column-81-107-120-81-1 bde-column bde-column-81-107\">\n  \n  \n\t\n\n\n\n<div class=\"bde-text-81-108-120-81-1 bde-text bde-text-81-108\">\nKr.: 55 ,-\n<\/div>\n<\/div><\/div>    <\/article>\n    <article class=\"bde-loop-item ee-post\">\n        <div class=\"bde-columns-81-100-121-81-1 bde-columns bde-columns-81-100\"><div class=\"bde-column-81-101-121-81-1 bde-column bde-column-81-101\">\n  \n  \n\t\n\n\n\n<div class=\"bde-text-81-105-121-81-1 bde-text bde-text-81-105\">\n4 Kugler\n<\/div>\n<\/div><div class=\"bde-column-81-107-121-81-1 bde-column bde-column-81-107\">\n  \n  \n\t\n\n\n\n<div class=\"bde-text-81-108-121-81-1 bde-text bde-text-81-108\">\nKr.: 65 ,-\n<\/div>\n<\/div><\/div>    <\/article>\n    <article class=\"bde-loop-item ee-post\">\n        <div class=\"bde-columns-81-100-396-81-1 bde-columns bde-columns-81-100\"><div class=\"bde-column-81-101-396-81-1 bde-column bde-column-81-101\">\n  \n  \n\t\n\n\n\n<div class=\"bde-text-81-105-396-81-1 bde-text bde-text-81-105\">\nMilkShake\n<\/div>\n<\/div><div class=\"bde-column-81-107-396-81-1 bde-column bde-column-81-107\">\n  \n  \n\t\n\n\n\n<div class=\"bde-text-81-108-396-81-1 bde-text bde-text-81-108\">\nKr.: 50 ,-\n<\/div>\n<\/div><\/div>    <\/article>\n    <article class=\"bde-loop-item ee-post\">\n        <div class=\"bde-columns-81-100-398-81-1 bde-columns bde-columns-81-100\"><div class=\"bde-column-81-101-398-81-1 bde-column bde-column-81-101\">\n  \n  \n\t\n\n\n\n<div class=\"bde-text-81-105-398-81-1 bde-text bde-text-81-105\">\nToping\n<\/div>\n<\/div><div class=\"bde-column-81-107-398-81-1 bde-column bde-column-81-107\">\n  \n  \n\t\n\n\n\n<div class=\"bde-text-81-108-398-81-1 bde-text bde-text-81-108\">\nKr.: 5 ,-\n<\/div>\n<\/div><\/div>    <\/article>\n    <article class=\"bde-loop-item ee-post\">\n        <div class=\"bde-columns-81-100-399-81-1 bde-columns bde-columns-81-100\"><div class=\"bde-column-81-101-399-81-1 bde-column bde-column-81-101\">\n  \n  \n\t\n\n\n\n<div class=\"bde-text-81-105-399-81-1 bde-text bde-text-81-105\">\nHjemmelavet Luksus Vaffel\n<\/div>\n<\/div><div class=\"bde-column-81-107-399-81-1 bde-column bde-column-81-107\">\n  \n  \n\t\n\n\n\n<div class=\"bde-text-81-108-399-81-1 bde-text bde-text-81-108\">\nKr.: 8 ,-\n<\/div>\n<\/div><\/div>    <\/article>\n    <article class=\"bde-loop-item ee-post\">\n        <div class=\"bde-columns-81-100-400-81-1 bde-columns bde-columns-81-100\"><div class=\"bde-column-81-101-400-81-1 bde-column bde-column-81-101\">\n  \n  \n\t\n\n\n\n<div class=\"bde-text-81-105-400-81-1 bde-text bde-text-81-105\">\nFl\u00f8de Bolle\n<\/div>\n<\/div><div class=\"bde-column-81-107-400-81-1 bde-column bde-column-81-107\">\n  \n  \n\t\n\n\n\n<div class=\"bde-text-81-108-400-81-1 bde-text bde-text-81-108\">\nKr.: 6 ,-\n<\/div>\n<\/div><\/div>    <\/article>\n    <article class=\"bde-loop-item ee-post\">\n        <div class=\"bde-columns-81-100-401-81-1 bde-columns bde-columns-81-100\"><div class=\"bde-column-81-101-401-81-1 bde-column bde-column-81-101\">\n  \n  \n\t\n\n\n\n<div class=\"bde-text-81-105-401-81-1 bde-text bde-text-81-105\">\nHjemmelavet Guff\n<\/div>\n<\/div><div class=\"bde-column-81-107-401-81-1 bde-column bde-column-81-107\">\n  \n  \n\t\n\n\n\n<div class=\"bde-text-81-108-401-81-1 bde-text bde-text-81-108\">\nKr.: 6 ,-\n<\/div>\n<\/div><\/div>    <\/article>\n    <article class=\"bde-loop-item ee-post\">\n        <div class=\"bde-columns-81-100-403-81-1 bde-columns bde-columns-81-100\"><div class=\"bde-column-81-101-403-81-1 bde-column bde-column-81-101\">\n  \n  \n\t\n\n\n\n<div class=\"bde-text-81-105-403-81-1 bde-text bde-text-81-105\">\nFl\u00f8deskum\n<\/div>\n<\/div><div class=\"bde-column-81-107-403-81-1 bde-column bde-column-81-107\">\n  \n  \n\t\n\n\n\n<div class=\"bde-text-81-108-403-81-1 bde-text bde-text-81-108\">\nKr.: 5 ,-\n<\/div>\n<\/div><\/div>    <\/article>\n    <article class=\"bde-loop-item ee-post\">\n        <div class=\"bde-columns-81-100-404-81-1 bde-columns bde-columns-81-100\"><div class=\"bde-column-81-101-404-81-1 bde-column bde-column-81-101\">\n  \n  \n\t\n\n\n\n<div class=\"bde-text-81-105-404-81-1 bde-text bde-text-81-105\">\nFl\u00f8deskum\n<\/div>\n<\/div><div class=\"bde-column-81-107-404-81-1 bde-column bde-column-81-107\">\n  \n  \n\t\n\n\n\n<div class=\"bde-text-81-108-404-81-1 bde-text bde-text-81-108\">\nKr.: 5 ,-\n<\/div>\n<\/div><\/div>    <\/article>\n<\/div>\r\n<\/div><\/div>\n<\/section>","protected":false},"excerpt":{"rendered":"<p>Hjemmelavet is 1 Kugle Kr.: 30 ,- 2 Kugler Kr.: 45 ,- 3 Kugler Kr.: 55 ,- 4 Kugler Kr.: 65 ,- MilkShake Kr.: 50 ,- Toping Kr.: 5 ,- Hjemmelavet Luksus Vaffel Kr.: 8 ,- Fl\u00f8de Bolle Kr.: 6 ,- Hjemmelavet Guff Kr.: 6 ,- Fl\u00f8deskum Kr.: 5 ,- Fl\u00f8deskum Kr.: 5 ,-<\/p>\n","protected":false},"author":1,"featured_media":0,"parent":0,"menu_order":0,"comment_status":"closed","ping_status":"closed","template":"","meta":{"_acf_changed":false,"_breakdance_hide_in_design_set":false,"_breakdance_tags":"","footnotes":""},"class_list":["post-90","page","type-page","status-publish","hentry"],"acf":[],"_links":{"self":[{"href":"https:\/\/nilaisgelato.dk\/index.php\/wp-json\/wp\/v2\/pages\/90","targetHints":{"allow":["GET"]}}],"collection":[{"href":"https:\/\/nilaisgelato.dk\/index.php\/wp-json\/wp\/v2\/pages"}],"about":[{"href":"https:\/\/nilaisgelato.dk\/index.php\/wp-json\/wp\/v2\/types\/page"}],"author":[{"embeddable":true,"href":"https:\/\/nilaisgelato.dk\/index.php\/wp-json\/wp\/v2\/users\/1"}],"replies":[{"embeddable":true,"href":"https:\/\/nilaisgelato.dk\/index.php\/wp-json\/wp\/v2\/comments?post=90"}],"version-history":[{"count":13,"href":"https:\/\/nilaisgelato.dk\/index.php\/wp-json\/wp\/v2\/pages\/90\/revisions"}],"predecessor-version":[{"id":314,"href":"https:\/\/nilaisgelato.dk\/index.php\/wp-json\/wp\/v2\/pages\/90\/revisions\/314"}],"wp:attachment":[{"href":"https:\/\/nilaisgelato.dk\/index.php\/wp-json\/wp\/v2\/media?parent=90"}],"curies":[{"name":"wp","href":"https:\/\/api.w.org\/{rel}","templated":true}]}}